{"id":4305,"date":"2024-12-09T11:57:49","date_gmt":"2024-12-09T16:57:49","guid":{"rendered":"https:\/\/spectralaviation.com\/staging\/?page_id=4305"},"modified":"2025-04-09T09:28:23","modified_gmt":"2025-04-09T14:28:23","slug":"formation-pratique-sur-dji","status":"publish","type":"page","link":"https:\/\/spectralaviation.com\/staging\/formation-pratique-sur-dji","title":{"rendered":"Formation pratique sur DJI"},"content":{"rendered":"\n<div class=\"wp-block-columns is-layout-flex wp-container-core-columns-is-layout-28f84493 wp-block-columns-is-layout-flex\">\n<div class=\"wp-block-column is-style-default is-layout-flow wp-block-column-is-layout-flow\" style=\"border-style:none;border-width:0px;padding-top:0;padding-right:0;padding-bottom:0;padding-left:0\">\n<h1 class=\"wp-block-heading has-medium-font-size\">Description<\/h1>\n\n\n\n<p>Cette formation de 8 heures donn\u00e9e en collaboration avec DroneXperts consiste en des s\u00e9ances de vol sur des produits DJI encadr\u00e9es par des pilotes d\u2019exp\u00e9rience. La formation pratique permet d\u2019acqu\u00e9rir les connaissances n\u00e9cessaires au pilotage s\u00e9curitaire de SATP.<\/p>\n<\/div>\n<\/div>\n\n\n\n<div id=\"wp-block-themeisle-blocks-advanced-columns-784450ff\" class=\"wp-block-themeisle-blocks-advanced-columns alignfull has-1-columns has-desktop-equal-layout has-tablet-equal-layout has-mobile-collapsedRows-layout has-vertical-center ticss-c00aadba\"><div class=\"wp-block-themeisle-blocks-advanced-columns-overlay\"><\/div><div class=\"innerblocks-wrap\">\n<div id=\"wp-block-themeisle-blocks-advanced-column-d0fbfc0a\" class=\"wp-block-themeisle-blocks-advanced-column\">\n<div id=\"wp-block-themeisle-blocks-advanced-columns-f32a2609\" class=\"wp-block-themeisle-blocks-advanced-columns has-1-columns has-desktop-equal-layout has-tablet-equal-layout has-mobile-equal-layout has-vertical-center\"><div class=\"wp-block-themeisle-blocks-advanced-columns-overlay\"><\/div><div class=\"innerblocks-wrap\">\n<div id=\"wp-block-themeisle-blocks-advanced-column-9b63872c\" class=\"wp-block-themeisle-blocks-advanced-column\"><\/div>\n<\/div><\/div>\n\n\n\n<div id=\"wp-block-themeisle-blocks-advanced-columns-8085ff1f\" class=\"wp-block-themeisle-blocks-advanced-columns has-2-columns has-desktop-equal-layout has-tablet-equal-layout has-mobile-collapsedRows-layout has-vertical-top\"><div class=\"wp-block-themeisle-blocks-advanced-columns-overlay\"><\/div><div class=\"innerblocks-wrap\">\n<div id=\"wp-block-themeisle-blocks-advanced-column-dfb15c39\" class=\"wp-block-themeisle-blocks-advanced-column\">\n<div id=\"wp-block-themeisle-blocks-font-awesome-icons-c5fd27f1\" class=\"wp-block-themeisle-blocks-font-awesome-icons\"><span class=\"wp-block-themeisle-blocks-font-awesome-icons-container\"><svg xmlns=\"http:\/\/www.w3.org\/2000\/svg\" viewBox=\"0 0 1800 1800\"><path d=\"M900,868.536c-113.664,0-206.139,92.473-206.139,206.145c0,72.752,38.923,140.217,100.683,177.107v167.979 h210.914v-167.979c61.764-36.891,100.689-104.355,100.689-177.107C1106.146,961.009,1013.669,868.536,900,868.536z M960.627,1204.401l-18.129,8.493v143.914h-84.996v-143.914l-18.129-8.493c-50.148-23.487-82.554-74.403-82.554-129.721 c0-78.952,64.232-143.185,143.181-143.185c78.952,0,143.189,64.232,143.189,143.185 C1043.189,1129.998,1010.782,1180.914,960.627,1204.401z\"><\/path><path d=\"M1306.793,621.365V406.939c-1.094-107.793-43.891-208.955-120.511-284.855 C1109.604,46.13,1007.934,4.301,899.996,4.301c-107.933,0-209.604,41.83-286.273,117.788 c-76.617,75.896-119.413,177.057-120.507,285.166v112.333h62.958V407.571c1.898-187.646,156.137-340.313,343.822-340.313 c187.696,0,341.942,152.667,343.839,339.996v214.11H888.52H192.564v474.124c1.906,187.453,76.336,363.382,209.578,495.369 C535.485,1722.948,712.296,1795.7,900.004,1795.7c187.708,0,364.519-72.752,497.863-204.843 c133.242-131.987,207.668-307.916,209.568-495.693V621.365H1306.793z M1544.477,1094.848 c-3.561,351.735-292.671,637.894-644.472,637.894c-351.796,0-640.912-286.158-644.482-637.577v-410.84h237.693h813.578h237.684 V1094.848z\"><\/path><\/svg><\/span><\/div>\n\n\n\n<h3 id=\"wp-block-themeisle-blocks-advanced-heading-3147d135\" class=\"wp-block-themeisle-blocks-advanced-heading wp-block-themeisle-blocks-advanced-heading-3147d135\">Co\u00fbt de la formation<\/h3>\n\n\n\n<p class=\"has-text-align-center\">Le prix de la formation est de 1 800 $.<br><\/p>\n<\/div>\n\n\n\n<div id=\"wp-block-themeisle-blocks-advanced-column-ec09b220\" class=\"wp-block-themeisle-blocks-advanced-column ticss-ec09b220\">\n<div id=\"wp-block-themeisle-blocks-font-awesome-icons-1225333d\" class=\"wp-block-themeisle-blocks-font-awesome-icons\"><span class=\"wp-block-themeisle-blocks-font-awesome-icons-container\"><svg xmlns=\"http:\/\/www.w3.org\/2000\/svg\" viewBox=\"0 0 1800 1800\"><path d=\"M1583.266,1262.444c-155.105,155.105-361.327,240.526-580.678,240.526 c-219.35,0-425.572-85.421-580.677-240.526c-155.107-155.104-240.528-361.33-240.533-580.682 c0-219.354,85.42-425.578,240.528-580.685c12.336-12.333,12.336-32.328,0.004-44.663c-12.333-12.33-32.328-12.334-44.661,0 c-167.044,167.036-259.035,389.124-259.035,625.35c0.004,236.219,91.995,458.312,259.03,625.348 c164.65,164.647,378.605,250.606,594.774,258.019v168.973H656.207c-17.443,0-31.581,14.134-31.581,31.582 c0,17.439,14.138,31.582,31.581,31.582h694.789c17.446,0,31.582-14.143,31.582-31.582c0-17.448-14.136-31.582-31.582-31.582 h-315.814V1565.06c215.475-7.878,428.613-93.819,592.751-257.947c12.327-12.337,12.327-32.331,0-44.668 C1615.596,1250.118,1595.601,1250.118,1583.266,1262.444z\"><\/path><path d=\"M389.367,972.961c77.779,163.801,214.692,287.502,385.518,348.33  c73.614,26.205,150.222,39.503,227.686,39.503c0.018,0,0,0,0.018,0c286.303,0,543.235-181.269,639.417-451.066  c0.044-0.106,0.079-0.211,0.114-0.317c60.801-170.812,51.453-355.075-26.32-518.855c-77.783-163.798-214.698-287.5-385.524-348.318  c-73.613-26.214-150.214-39.504-227.669-39.504c-286.417,0-543.43,181.375-639.542,451.326  C302.245,624.884,311.585,809.167,389.367,972.961z M446.42,945.868c-14.949-31.48-27.083-63.803-36.441-96.662  c0.838-0.817,1.635-1.688,2.393-2.615c43.204-53.021,175.521-186.786,267.388-169.374c40.816,7.734,75.588,0.683,103.345-20.987  c59.436-46.395,65.115-144.487,68.508-203.097c0.304-5.273,0.585-10.158,0.89-14.563c1.921-27.88-5.944-61.956-13.553-94.909  c-5.899-25.545-18.174-78.703-10.19-88.554c0,0,0.326-0.213,1.207-0.476c31.467-9.322,74.722-45.061,128.569-106.224  c34.64-39.342,53.788-64.954,64.274-82.143c42.879,1.416,85.402,7.333,127.145,17.683  c-48.473,39.591-108.728,101.778-99.846,161.004c5.912,39.446,38.252,67.783,96.119,84.221  c193.551,54.985,221.572,85.758,248.914,183.415c21.281,75.993,90.735,136.785,153.167,136.776c3.895,0,7.772-0.235,11.605-0.72  c13.498-1.711,35.934-7.961,55.487-29.354c7.947,77.48,0.951,156.189-21.123,232.574c-28.98-13.875-71.842-27.887-117.522-20.267  c-65.101,10.863-98.348-100.23-114.825-195.311c-18.506-106.747-79.05-109.385-104.218-105.567  c-63.232,9.585-128.625,93.667-120.642,155.116c7.473,57.486-37.309,155.165-77.844,191.843c-5.7,5.159-31.643-5.928-48.816-13.266  c-40.667-17.375-108.723-46.45-157.769,17.456c-48.292,62.918-179.892,224.911-229.164,285.42  C548.817,1109.103,488.206,1033.868,446.42,945.868z M1002.57,1297.631c-70.23,0-139.705-12.063-206.502-35.846  c-42.724-15.211-83.096-34.781-120.66-58.238c51.531-63.312,179.518-220.92,227.339-283.219  c16.684-21.741,33.549-18.894,82.852,2.167c35.775,15.28,80.301,34.305,116.007,2.019  c54.984-49.751,108.622-165.878,98.102-246.822c-3.261-25.092,36.524-79.834,67.479-84.524  c20.444-3.06,29.521,36.665,32.508,53.903c15.183,87.606,37.001,150.184,66.705,191.308  c40.305,55.805,87.915,60.994,120.739,55.521c33.184-5.524,66.211,7.53,86.408,18.168  C1480.105,1143.715,1253.828,1297.64,1002.57,1297.631z M1558.742,417.648c12.513,26.35,23.034,53.29,31.635,80.635  c-1.869,52.173-16.073,84.869-38.403,87.697c-30.663,3.879-81.065-37.067-96.003-90.422  c-36.04-128.711-87.977-169.047-292.481-227.144c-30.522-8.673-49.081-20.633-50.913-32.815  c-4.67-31.031,58.112-91.087,111.345-128.366C1371.941,164.149,1490.461,273.863,1558.742,417.648z M422.567,475.245  C502.993,249.357,707.646,91.966,942.826,68.929c-38.164,47.875-100.911,116.285-130.8,125.143  c-67.802,20.089-48.624,103.151-34.622,163.8c6.569,28.444,13.359,57.86,12.086,76.354c-0.318,4.613-0.617,9.732-0.935,15.257  c-2.595,44.788-7.419,128.156-44.314,156.956c-12.984,10.14-30.233,12.986-52.708,8.721  c-63.978-12.114-139.323,17.366-224.004,87.655c-30.065,24.959-55.778,50.538-74.142,70.084  C378.453,673.931,388.05,572.199,422.567,475.245z\"><\/path><path d=\"M1035.578,629.173L1035.578,629.173c11.941,0,23.121-3.231,33.23-9.603 c37.053-23.346,52.023-62.746,65.241-97.506c9.993-26.279,19.422-51.1,36.604-67.192c16.565-15.509,22.1-35.773,14.821-54.208 c-8.874-22.458-33.776-35.337-68.31-35.337c-59.857,0-137.49,36.837-212.991,101.066c-11.635,9.902-14.518,26.715-6.838,39.926 C914.091,535.139,973.579,629.169,1035.578,629.173z M1109.791,428.827c-16.354,22.318-26.013,47.727-34.78,70.793 c-11.059,29.075-20.61,54.201-39.679,66.386c-13.183-0.397-43.514-31.319-69.031-68.74 C1038.116,441.573,1088.202,430.667,1109.791,428.827z\"><\/path><\/svg><\/span><\/div>\n\n\n\n<h3 id=\"wp-block-themeisle-blocks-advanced-heading-869a9c1f\" class=\"wp-block-themeisle-blocks-advanced-heading wp-block-themeisle-blocks-advanced-heading-869a9c1f\">Lieux de la formation<\/h3>\n\n\n\n<p class=\"has-text-align-center\">Disponible \u00e0 Qu\u00e9bec et \u00e0 Montr\u00e9al seulement.<\/p>\n<\/div>\n<\/div><\/div>\n<\/div>\n<\/div><\/div>\n\n\n\n<div class=\"wp-block-group has-global-padding is-layout-constrained wp-block-group-is-layout-constrained\" style=\"padding-top:0;padding-bottom:var(--wp--preset--spacing--x-small)\">\n<div style=\"height:30px\" aria-hidden=\"true\" class=\"wp-block-spacer\"><\/div>\n\n\n\n<div class=\"wp-block-columns are-vertically-aligned-center is-layout-flex wp-container-core-columns-is-layout-c375d253 wp-block-columns-is-layout-flex\">\n<div class=\"wp-block-column is-vertically-aligned-center is-layout-flow wp-block-column-is-layout-flow\">\n<figure class=\"wp-block-image size-large\"><img loading=\"lazy\" decoding=\"async\" width=\"1024\" height=\"682\" src=\"https:\/\/spectralaviation.com\/staging\/wp-content\/uploads\/2015\/10\/566461855_c5bfc67b62_b-1024x682.jpg\" alt=\"\" class=\"wp-image-475\"\/><\/figure>\n<\/div>\n\n\n\n<div class=\"wp-block-column is-vertically-aligned-center is-layout-flow wp-block-column-is-layout-flow\">\n<h2 class=\"wp-block-heading has-medium-font-size\" style=\"text-transform:uppercase\">Comment vous inscrire?<\/h2>\n\n\n\n<p class=\"has-link-color wp-elements-030f958e6f5140d1f293879affefeaa4\">Vous pouvez vous inscrire directement \u00e0 une session de formation \u00e0 partir du <a href=\"https:\/\/spectralaviation.com\/staging\/calendrier-formations\">calendrier<\/a>.&nbsp;Portez une attention particuli\u00e8re&nbsp;afin de s\u00e9lectionner&nbsp;la bonne session de formation.<br><br>Si vous souhaitez obtenir de l\u2019information concernant la formation, vous pouvez consulter la section <a href=\"#formations\">Formations<\/a> ou nous envoyer votre demande par le biais de la section <a href=\"https:\/\/spectralaviation.com\/staging\/contact\">contact<\/a>.<\/p>\n\n\n\n<p>Lorsque votre demande sera re\u00e7ue, un courriel contenant la facture&nbsp;vous sera envoy\u00e9 \u00e0 l&rsquo;adresse que vous avez fournie dans le formulaire d&rsquo;inscription. Vous pourrez acquitter le montant de la formation de mani\u00e8re tout \u00e0 fait s\u00e9curitaire \u00e0 l&rsquo;aide de la plateforme&nbsp;en ligne.<\/p>\n\n\n\n<p>Une fois le paiement re\u00e7u, un courriel confirmant la r\u00e9servation de votre formation vous sera envoy\u00e9.<\/p>\n\n\n\n<div class=\"wp-block-buttons is-layout-flex wp-block-buttons-is-layout-flex\">\n<div class=\"wp-block-button is-style-outline is-style-outline--1\"><a class=\"wp-block-button__link wp-element-button\" href=\"https:\/\/formation.spectralaviation.com\/\" style=\"border-radius:0px\" target=\"_blank\" rel=\"noreferrer noopener\">EN SAVOIR PLUS<\/a><\/div>\n<\/div>\n<\/div>\n<\/div>\n\n\n\n<div style=\"height:30px\" aria-hidden=\"true\" class=\"wp-block-spacer\"><\/div>\n<\/div>\n","protected":false},"excerpt":{"rendered":"<p>Description Cette formation de 8 heures donn\u00e9e en collaboration avec DroneXperts consiste en des s\u00e9ances de vol sur des produits DJI encadr\u00e9es par des pilotes d\u2019exp\u00e9rience. La formation pratique permet &hellip; <\/p>\n<p class=\"link-more\"><a href=\"https:\/\/spectralaviation.com\/staging\/formation-pratique-sur-dji\" class=\"more-link\">Lire la suite de<span class=\"screen-reader-text\">\u00ab\u00a0Formation pratique sur DJI\u00a0\u00bb<\/span><\/a><\/p>\n","protected":false},"author":4,"featured_media":312,"parent":0,"menu_order":0,"comment_status":"closed","ping_status":"closed","template":"","meta":{"_uag_custom_page_level_css":"","_EventAllDay":false,"_EventTimezone":"","_EventStartDate":"","_EventEndDate":"","_EventStartDateUTC":"","_EventEndDateUTC":"","_EventShowMap":false,"_EventShowMapLink":false,"_EventURL":"","_EventCost":"","_EventCostDescription":"","_EventCurrencySymbol":"","_EventCurrencyCode":"","_EventCurrencyPosition":"","_EventDateTimeSeparator":"","_EventTimeRangeSeparator":"","_EventOrganizerID":[],"_EventVenueID":[],"_OrganizerEmail":"","_OrganizerPhone":"","_OrganizerWebsite":"","_VenueAddress":"","_VenueCity":"","_VenueCountry":"","_VenueProvince":"","_VenueState":"","_VenueZip":"","_VenuePhone":"","_VenueURL":"","_VenueStateProvince":"","_VenueLat":"","_VenueLng":"","_VenueShowMap":false,"_VenueShowMapLink":false,"_themeisle_gutenberg_block_has_review":false,"inspiro_hide_title":false,"footnotes":""},"class_list":["post-4305","page","type-page","status-publish","has-post-thumbnail","hentry"],"uagb_featured_image_src":{"full":["https:\/\/spectralaviation.com\/staging\/wp-content\/uploads\/2015\/08\/photoformation1-e1732724239626.jpg",1230,502,false],"thumbnail":["https:\/\/spectralaviation.com\/staging\/wp-content\/uploads\/2015\/08\/photoformation1-e1732724239626-150x150.jpg",150,150,true],"medium":["https:\/\/spectralaviation.com\/staging\/wp-content\/uploads\/2015\/08\/photoformation1-e1732724239626-300x122.jpg",300,122,true],"medium_large":["https:\/\/spectralaviation.com\/staging\/wp-content\/uploads\/2015\/08\/photoformation1-e1732724239626-768x313.jpg",768,313,true],"large":["https:\/\/spectralaviation.com\/staging\/wp-content\/uploads\/2015\/08\/photoformation1-e1732724239626-1024x418.jpg",950,388,true],"1536x1536":["https:\/\/spectralaviation.com\/staging\/wp-content\/uploads\/2015\/08\/photoformation1-e1732724239626.jpg",1230,502,false],"2048x2048":["https:\/\/spectralaviation.com\/staging\/wp-content\/uploads\/2015\/08\/photoformation1-e1732724239626.jpg",1230,502,false],"inspiro-featured-image":["https:\/\/spectralaviation.com\/staging\/wp-content\/uploads\/2015\/08\/photoformation1-e1732724239626.jpg",1230,502,false],"inspiro-loop":["https:\/\/spectralaviation.com\/staging\/wp-content\/uploads\/2015\/08\/photoformation1-e1732724239626-950x320.jpg",950,320,true],"inspiro-loop@2x":["https:\/\/spectralaviation.com\/staging\/wp-content\/uploads\/2015\/08\/photoformation1-1230x640.jpg",1230,640,true]},"uagb_author_info":{"display_name":"Marc-Antoine","author_link":"https:\/\/spectralaviation.com\/staging\/author\/magermain"},"uagb_comment_info":0,"uagb_excerpt":"Description Cette formation de 8 heures donn\u00e9e en collaboration avec DroneXperts consiste en des s\u00e9ances de vol sur des produits DJI encadr\u00e9es par des pilotes d\u2019exp\u00e9rience. La formation pratique permet &hellip; Lire la suite de\u00ab\u00a0Formation pratique sur DJI\u00a0\u00bb","_links":{"self":[{"href":"https:\/\/spectralaviation.com\/staging\/wp-json\/wp\/v2\/pages\/4305","targetHints":{"allow":["GET"]}}],"collection":[{"href":"https:\/\/spectralaviation.com\/staging\/wp-json\/wp\/v2\/pages"}],"about":[{"href":"https:\/\/spectralaviation.com\/staging\/wp-json\/wp\/v2\/types\/page"}],"author":[{"embeddable":true,"href":"https:\/\/spectralaviation.com\/staging\/wp-json\/wp\/v2\/users\/4"}],"replies":[{"embeddable":true,"href":"https:\/\/spectralaviation.com\/staging\/wp-json\/wp\/v2\/comments?post=4305"}],"version-history":[{"count":2,"href":"https:\/\/spectralaviation.com\/staging\/wp-json\/wp\/v2\/pages\/4305\/revisions"}],"predecessor-version":[{"id":4438,"href":"https:\/\/spectralaviation.com\/staging\/wp-json\/wp\/v2\/pages\/4305\/revisions\/4438"}],"wp:featuredmedia":[{"embeddable":true,"href":"https:\/\/spectralaviation.com\/staging\/wp-json\/wp\/v2\/media\/312"}],"wp:attachment":[{"href":"https:\/\/spectralaviation.com\/staging\/wp-json\/wp\/v2\/media?parent=4305"}],"curies":[{"name":"wp","href":"https:\/\/api.w.org\/{rel}","templated":true}]}}