{"id":4299,"date":"2024-12-09T11:52:41","date_gmt":"2024-12-09T16:52:41","guid":{"rendered":"https:\/\/spectralaviation.com\/staging\/?page_id=4299"},"modified":"2024-12-09T11:52:41","modified_gmt":"2024-12-09T16:52:41","slug":"observateur","status":"publish","type":"page","link":"https:\/\/spectralaviation.com\/staging\/observateur","title":{"rendered":"Observateur"},"content":{"rendered":"\n<div class=\"wp-block-columns is-layout-flex wp-container-core-columns-is-layout-28f84493 wp-block-columns-is-layout-flex\">\n<div class=\"wp-block-column is-style-default is-layout-flow wp-block-column-is-layout-flow\" style=\"border-style:none;border-width:0px;padding-top:0;padding-right:0;padding-bottom:0;padding-left:0\">\n<h1 class=\"wp-block-heading has-medium-font-size\">Description<\/h1>\n\n\n\n<p>La formation d\u2019observateur est une formation d\u2019une dur\u00e9e de&nbsp;4&nbsp;heures donn\u00e9e en une journ\u00e9e. Elle peut se donner en classe ou par vid\u00e9oconf\u00e9rence.<\/p>\n\n\n\n<p>Au cours de cette derni\u00e8re, les candidats sont appel\u00e9s \u00e0 ma\u00eetriser les concepts des mati\u00e8res suivantes:<\/p>\n\n\n\n<ul class=\"wp-block-list\">\n<li>M\u00e9t\u00e9orologie;<\/li>\n\n\n\n<li>R\u00e8glement de l\u2019aviation canadien (RAC)<\/li>\n\n\n\n<li>Facteurs humains influen\u00e7ant les op\u00e9rations de drones<\/li>\n<\/ul>\n\n\n\n<h3 class=\"wp-block-heading\">Certification<\/h3>\n\n\n\n<p>\u00c0 la fin de votre formation, vous obtiendrez les certifications suivantes:<\/p>\n\n\n\n<ul class=\"wp-block-list\">\n<li>Certificat de r\u00e9ussite du cours \u00e9mis par Spectral Aviation;<\/li>\n<\/ul>\n\n\n\n<p class=\"has-small-font-size\">**Il est possible de jumeler cette formation \u00e0 l\u2019obtention d\u2019un certificat d\u2019op\u00e9rateur radio aviation. Veuillez communiquer avec nous pour les d\u00e9tails.<\/p>\n<\/div>\n<\/div>\n\n\n\n<div id=\"wp-block-themeisle-blocks-advanced-columns-784450ff\" class=\"wp-block-themeisle-blocks-advanced-columns alignfull has-1-columns has-desktop-equal-layout has-tablet-equal-layout has-mobile-collapsedRows-layout has-vertical-center ticss-c00aadba\"><div class=\"wp-block-themeisle-blocks-advanced-columns-overlay\"><\/div><div class=\"innerblocks-wrap\">\n<div id=\"wp-block-themeisle-blocks-advanced-column-d0fbfc0a\" class=\"wp-block-themeisle-blocks-advanced-column\">\n<div id=\"wp-block-themeisle-blocks-advanced-columns-f32a2609\" class=\"wp-block-themeisle-blocks-advanced-columns has-1-columns has-desktop-equal-layout has-tablet-equal-layout has-mobile-equal-layout has-vertical-center\"><div class=\"wp-block-themeisle-blocks-advanced-columns-overlay\"><\/div><div class=\"innerblocks-wrap\">\n<div id=\"wp-block-themeisle-blocks-advanced-column-9b63872c\" class=\"wp-block-themeisle-blocks-advanced-column\"><\/div>\n<\/div><\/div>\n\n\n\n<div id=\"wp-block-themeisle-blocks-advanced-columns-8085ff1f\" class=\"wp-block-themeisle-blocks-advanced-columns has-2-columns has-desktop-equal-layout has-tablet-equal-layout has-mobile-collapsedRows-layout has-vertical-top\"><div class=\"wp-block-themeisle-blocks-advanced-columns-overlay\"><\/div><div class=\"innerblocks-wrap\">\n<div id=\"wp-block-themeisle-blocks-advanced-column-dfb15c39\" class=\"wp-block-themeisle-blocks-advanced-column\">\n<div id=\"wp-block-themeisle-blocks-font-awesome-icons-c5fd27f1\" class=\"wp-block-themeisle-blocks-font-awesome-icons\"><span class=\"wp-block-themeisle-blocks-font-awesome-icons-container\"><svg xmlns=\"http:\/\/www.w3.org\/2000\/svg\" viewBox=\"0 0 1800 1800\"><path d=\"M900,868.536c-113.664,0-206.139,92.473-206.139,206.145c0,72.752,38.923,140.217,100.683,177.107v167.979 h210.914v-167.979c61.764-36.891,100.689-104.355,100.689-177.107C1106.146,961.009,1013.669,868.536,900,868.536z M960.627,1204.401l-18.129,8.493v143.914h-84.996v-143.914l-18.129-8.493c-50.148-23.487-82.554-74.403-82.554-129.721 c0-78.952,64.232-143.185,143.181-143.185c78.952,0,143.189,64.232,143.189,143.185 C1043.189,1129.998,1010.782,1180.914,960.627,1204.401z\"><\/path><path d=\"M1306.793,621.365V406.939c-1.094-107.793-43.891-208.955-120.511-284.855 C1109.604,46.13,1007.934,4.301,899.996,4.301c-107.933,0-209.604,41.83-286.273,117.788 c-76.617,75.896-119.413,177.057-120.507,285.166v112.333h62.958V407.571c1.898-187.646,156.137-340.313,343.822-340.313 c187.696,0,341.942,152.667,343.839,339.996v214.11H888.52H192.564v474.124c1.906,187.453,76.336,363.382,209.578,495.369 C535.485,1722.948,712.296,1795.7,900.004,1795.7c187.708,0,364.519-72.752,497.863-204.843 c133.242-131.987,207.668-307.916,209.568-495.693V621.365H1306.793z M1544.477,1094.848 c-3.561,351.735-292.671,637.894-644.472,637.894c-351.796,0-640.912-286.158-644.482-637.577v-410.84h237.693h813.578h237.684 V1094.848z\"><\/path><\/svg><\/span><\/div>\n\n\n\n<h3 id=\"wp-block-themeisle-blocks-advanced-heading-3147d135\" class=\"wp-block-themeisle-blocks-advanced-heading wp-block-themeisle-blocks-advanced-heading-3147d135\">Co\u00fbt de la formation<\/h3>\n\n\n\n<p class=\"has-text-align-center\">Le prix de la formation est de 275 $.<br><\/p>\n<\/div>\n\n\n\n<div id=\"wp-block-themeisle-blocks-advanced-column-ec09b220\" class=\"wp-block-themeisle-blocks-advanced-column ticss-ec09b220\">\n<div id=\"wp-block-themeisle-blocks-font-awesome-icons-1225333d\" class=\"wp-block-themeisle-blocks-font-awesome-icons\"><span class=\"wp-block-themeisle-blocks-font-awesome-icons-container\"><svg xmlns=\"http:\/\/www.w3.org\/2000\/svg\" viewBox=\"0 0 1800 1800\"><path d=\"M1704.994,208.972h-323.283V92.869c0-46.782-38.061-84.844-84.844-84.844H1164.02 c-46.783,0-84.844,38.062-84.844,84.844v116.103H720.82V92.869c0-46.782-38.061-84.844-84.844-84.844H503.129 c-46.782,0-84.844,38.062-84.844,84.844v116.103H95.006c-46.935,0-85.123,38.061-85.123,84.844v265.97v1147.346 c0,46.783,38.188,84.844,85.123,84.844h1609.988c46.932,0,85.123-38.061,85.123-84.844V559.785v-265.97 C1790.117,247.032,1751.926,208.972,1704.994,208.972z M1141.692,271.488v-62.516V92.869c0-12.311,10.013-22.327,22.327-22.327 h132.848c12.307,0,22.327,10.017,22.327,22.327v116.103v62.516v107.171c0,12.311-10.021,22.327-22.327,22.327H1164.02 c-12.314,0-22.327-10.017-22.327-22.327V271.488z M480.802,271.488v-62.516V92.869c0-12.311,10.017-22.327,22.327-22.327h132.848 c12.311,0,22.327,10.017,22.327,22.327v116.103v62.516v107.171c0,12.311-10.017,22.327-22.327,22.327H503.129 c-12.311,0-22.327-10.017-22.327-22.327V271.488z M1727.601,1707.131c0,12.307-10.144,22.328-22.606,22.328H95.006 c-12.463,0-22.606-10.021-22.606-22.328V591.043h1655.201V1707.131z M1727.601,528.526H72.4V293.815 c0-12.311,10.143-22.328,22.606-22.328h323.279v107.171c0,46.782,38.062,84.844,84.844,84.844h132.848 c46.783,0,84.844-38.062,84.844-84.844V271.488h358.355v107.171c0,46.782,38.061,84.844,84.844,84.844h132.848 c46.783,0,84.844-38.062,84.844-84.844V271.488h323.283c12.463,0,22.606,10.017,22.606,22.328V528.526z\"><\/path><path d=\"M378.358,914.669h125.835c35.139,0,63.729-28.592,63.729-63.731V725.101 c0-35.142-28.589-63.731-63.729-63.731H378.358c-35.144,0-63.733,28.589-63.733,63.731v125.837 C314.625,886.077,343.214,914.669,378.358,914.669z M377.142,725.101c0-0.669,0.545-1.215,1.216-1.215h125.835 c0.667,0,1.212,0.545,1.212,1.215v125.837c0,0.669-0.545,1.212-1.212,1.212H378.358c-0.671,0-1.216-0.543-1.216-1.212V725.101z\"><\/path><path d=\"M837.079,914.669h125.838c35.14,0,63.729-28.592,63.729-63.731V725.101 c0-35.142-28.589-63.731-63.729-63.731H837.079c-35.144,0-63.733,28.589-63.733,63.731v125.837 C773.346,886.077,801.936,914.669,837.079,914.669z M835.863,725.101c0-0.669,0.545-1.215,1.216-1.215h125.838 c0.671,0,1.212,0.545,1.212,1.215v125.837c0,0.669-0.541,1.212-1.212,1.212H837.079c-0.671,0-1.216-0.543-1.216-1.212V725.101z\"><\/path><path d=\"M1295.803,914.669h125.836c35.147,0,63.736-28.592,63.736-63.731V725.101 c0-35.142-28.589-63.731-63.736-63.731h-125.836c-35.139,0-63.729,28.589-63.729,63.731v125.837 C1232.074,886.077,1260.664,914.669,1295.803,914.669z M1294.591,725.101c0-0.669,0.54-1.215,1.212-1.215h125.836 c0.672,0,1.221,0.545,1.221,1.215v125.837c0,0.669-0.549,1.212-1.221,1.212h-125.836c-0.654,0-1.212-0.556-1.212-1.212V725.101z\"><\/path><path d=\"M378.358,1278.83h125.835c35.139,0,63.729-28.589,63.729-63.729v-125.835 c0-35.147-28.589-63.737-63.729-63.737H378.358c-35.144,0-63.733,28.59-63.733,63.737v125.835 C314.625,1250.241,343.214,1278.83,378.358,1278.83z M377.142,1089.267c0-0.676,0.545-1.221,1.216-1.221h125.835 c0.667,0,1.212,0.545,1.212,1.221v125.835c0,0.668-0.545,1.213-1.212,1.213H378.358c-0.659,0-1.216-0.559-1.216-1.213V1089.267z\"><\/path><path d=\"M837.079,1278.83h125.838c35.14,0,63.729-28.589,63.729-63.729v-125.835 c0-35.147-28.589-63.737-63.729-63.737H837.079c-35.144,0-63.733,28.59-63.733,63.737v125.835 C773.346,1250.241,801.936,1278.83,837.079,1278.83z M835.863,1089.267c0-0.676,0.545-1.221,1.216-1.221h125.838 c0.671,0,1.212,0.545,1.212,1.221v125.835c0,0.654-0.558,1.213-1.212,1.213H837.079c-0.658,0-1.216-0.559-1.216-1.213V1089.267z\"><\/path><path d=\"M1295.803,1278.83h125.836c35.147,0,63.736-28.589,63.736-63.729v-125.835 c0-35.147-28.589-63.737-63.736-63.737h-125.836c-35.139,0-63.729,28.59-63.729,63.737v125.835 C1232.074,1250.241,1260.664,1278.83,1295.803,1278.83z M1294.591,1089.267c0-0.676,0.54-1.221,1.212-1.221h125.836 c0.672,0,1.221,0.545,1.221,1.221v125.835c0,0.654-0.559,1.213-1.221,1.213h-125.836c-0.654,0-1.212-0.559-1.212-1.213V1089.267z\"><\/path><path d=\"M378.358,1642.984h125.835c35.139,0,63.729-28.59,63.729-63.729V1453.42 c0-35.14-28.589-63.729-63.729-63.729H378.358c-35.144,0-63.733,28.589-63.733,63.729v125.835 C314.625,1614.395,343.214,1642.984,378.358,1642.984z M377.142,1453.42c0-0.672,0.545-1.213,1.216-1.213h125.835 c0.667,0,1.212,0.541,1.212,1.213v125.835c0,0.672-0.545,1.212-1.212,1.212H378.358c-0.671,0-1.216-0.54-1.216-1.212V1453.42z\"><\/path><path d=\"M837.079,1642.984h125.838c35.14,0,63.729-28.59,63.729-63.729V1453.42 c0-35.14-28.589-63.729-63.729-63.729H837.079c-35.144,0-63.733,28.589-63.733,63.729v125.835 C773.346,1614.395,801.936,1642.984,837.079,1642.984z M835.863,1453.42c0-0.672,0.545-1.213,1.216-1.213h125.838 c0.671,0,1.212,0.541,1.212,1.213v125.835c0,0.672-0.541,1.212-1.212,1.212H837.079c-0.671,0-1.216-0.54-1.216-1.212V1453.42z\"><\/path><path d=\"M1295.803,1642.984h125.836c35.147,0,63.736-28.59,63.736-63.729V1453.42 c0-35.14-28.589-63.729-63.736-63.729h-125.836c-35.139,0-63.729,28.589-63.729,63.729v125.835 C1232.074,1614.395,1260.664,1642.984,1295.803,1642.984z M1294.591,1453.42c0-0.672,0.54-1.213,1.212-1.213h125.836 c0.672,0,1.221,0.541,1.221,1.213v125.835c0,0.672-0.549,1.212-1.221,1.212h-125.836c-0.654,0-1.212-0.553-1.212-1.212V1453.42z\"><\/path><\/svg><\/span><\/div>\n\n\n\n<h3 id=\"wp-block-themeisle-blocks-advanced-heading-869a9c1f\" class=\"wp-block-themeisle-blocks-advanced-heading wp-block-themeisle-blocks-advanced-heading-869a9c1f\">Disponibilit\u00e9 de la formation<\/h3>\n\n\n\n<p class=\"has-text-align-center\">Cette formation est disponible directement sur notre calendrier.<\/p>\n<\/div>\n<\/div><\/div>\n<\/div>\n<\/div><\/div>\n\n\n\n<div class=\"wp-block-group has-global-padding is-layout-constrained wp-block-group-is-layout-constrained\" style=\"padding-top:0;padding-bottom:var(--wp--preset--spacing--x-small)\">\n<div style=\"height:30px\" aria-hidden=\"true\" class=\"wp-block-spacer\"><\/div>\n\n\n\n<div class=\"wp-block-columns are-vertically-aligned-center is-layout-flex wp-container-core-columns-is-layout-c375d253 wp-block-columns-is-layout-flex\">\n<div class=\"wp-block-column is-vertically-aligned-center is-layout-flow wp-block-column-is-layout-flow\">\n<figure class=\"wp-block-image size-large\"><img loading=\"lazy\" decoding=\"async\" width=\"1024\" height=\"682\" src=\"https:\/\/spectralaviation.com\/staging\/wp-content\/uploads\/2015\/10\/566461855_c5bfc67b62_b-1024x682.jpg\" alt=\"\" class=\"wp-image-475\"\/><\/figure>\n<\/div>\n\n\n\n<div class=\"wp-block-column is-vertically-aligned-center is-layout-flow wp-block-column-is-layout-flow\">\n<h2 class=\"wp-block-heading has-medium-font-size\" style=\"text-transform:uppercase\">Comment vous inscrire?<\/h2>\n\n\n\n<p class=\"has-link-color wp-elements-030f958e6f5140d1f293879affefeaa4\">Vous pouvez vous inscrire directement \u00e0 une session de formation \u00e0 partir du <a href=\"https:\/\/spectralaviation.com\/staging\/calendrier-formations\">calendrier<\/a>.&nbsp;Portez une attention particuli\u00e8re&nbsp;afin de s\u00e9lectionner&nbsp;la bonne session de formation.<br><br>Si vous souhaitez obtenir de l\u2019information concernant la formation, vous pouvez consulter la section <a href=\"#formations\">Formations<\/a> ou nous envoyer votre demande par le biais de la section <a href=\"https:\/\/spectralaviation.com\/staging\/contact\">contact<\/a>.<\/p>\n\n\n\n<p>Lorsque votre demande sera re\u00e7ue, un courriel contenant la facture&nbsp;vous sera envoy\u00e9 \u00e0 l&rsquo;adresse que vous avez fournie dans le formulaire d&rsquo;inscription. Vous pourrez acquitter le montant de la formation de mani\u00e8re tout \u00e0 fait s\u00e9curitaire \u00e0 l&rsquo;aide de la plateforme&nbsp;en ligne.<\/p>\n\n\n\n<p>Une fois le paiement re\u00e7u, un courriel confirmant la r\u00e9servation de votre formation vous sera envoy\u00e9.<\/p>\n\n\n\n<div class=\"wp-block-buttons is-layout-flex wp-block-buttons-is-layout-flex\">\n<div class=\"wp-block-button is-style-outline is-style-outline--1\"><a class=\"wp-block-button__link wp-element-button\" href=\"https:\/\/formation.spectralaviation.com\/\" style=\"border-radius:0px\" target=\"_blank\" rel=\"noreferrer noopener\">EN SAVOIR PLUS<\/a><\/div>\n<\/div>\n<\/div>\n<\/div>\n\n\n\n<div style=\"height:30px\" aria-hidden=\"true\" class=\"wp-block-spacer\"><\/div>\n<\/div>\n\n\n\n<div id=\"wp-block-themeisle-blocks-advanced-columns-6cbb0867\" class=\"wp-block-themeisle-blocks-advanced-columns alignfull has-2-columns has-desktop-twoOne-layout has-tablet-equal-layout has-mobile-collapsedRows-layout has-vertical-unset has-light-bg\"><div class=\"wp-block-themeisle-blocks-advanced-columns-overlay\"><\/div><div class=\"innerblocks-wrap\">\n<div id=\"wp-block-themeisle-blocks-advanced-column-78c641ed\" class=\"wp-block-themeisle-blocks-advanced-column animated fadeIn has-light-bg\">\n<span id=\"wp-block-themeisle-blocks-advanced-heading-ce95b243\" class=\"wp-block-themeisle-blocks-advanced-heading wp-block-themeisle-blocks-advanced-heading-ce95b243\">VOUS AVEZ DES QUESTIONS ? <\/span>\n\n\n\n<h2 id=\"wp-block-themeisle-blocks-advanced-heading-8c6e4149\" class=\"wp-block-themeisle-blocks-advanced-heading wp-block-themeisle-blocks-advanced-heading-8c6e4149\"> Questions fr\u00e9quemment pos\u00e9es <\/h2>\n\n\n\n<div id=\"wp-block-themeisle-blocks-accordion-26dc5bab\" class=\"wp-block-themeisle-blocks-accordion exclusive  is-style-default\">\n<details class=\"wp-block-themeisle-blocks-accordion-item\"><summary class=\"wp-block-themeisle-blocks-accordion-item__title\"><div><strong>Un observateur est-il obligatoire pour op\u00e9rer commercialement?<\/strong><\/div><\/summary><div class=\"wp-block-themeisle-blocks-accordion-item__content\">\n<p>Transports Canada exige qu\u2019un op\u00e9rateur assure une surveillance constante de l\u2019espace a\u00e9rien afin de d\u00e9tecter et d\u2019\u00e9viter tout a\u00e9ronef ou obstacle pouvant cr\u00e9er un risque d\u2019abordage avec le drone pour la majorit\u00e9 des op\u00e9rations se d\u00e9roulant \u00e0 proximit\u00e9 ou \u00e0 l\u2019Int\u00e9rieur des zones b\u00e2ties. Puisque plusieurs types d\u2019op\u00e9rations n\u00e9cessitent que le pilote manipule la cam\u00e9ra et surveille le retour vid\u00e9o, le meilleur moyen de r\u00e9pondre \u00e0 cette exigence est d\u2019op\u00e9rer avec un observateur.<\/p>\n<\/div><\/details>\n\n\n\n<details class=\"wp-block-themeisle-blocks-accordion-item\"><summary class=\"wp-block-themeisle-blocks-accordion-item__title\"><div>u003cstrongu003eLa formation est-elle accessible \u00e0 tous ?u003c\/strongu003e<\/div><\/summary><div class=\"wp-block-themeisle-blocks-accordion-item__content\">\n<p>Bien que la formation soit intensive et tr\u00e8s compl\u00e8te, elle ne n\u00e9cessite aucune connaissance pr\u00e9alable.<\/p>\n<\/div><\/details>\n\n\n\n<details class=\"wp-block-themeisle-blocks-accordion-item\"><summary class=\"wp-block-themeisle-blocks-accordion-item__title\"><div><strong>Quels sont les avantages de suivre la formation chez Spectral Aviation?<\/strong><\/div><\/summary><div class=\"wp-block-themeisle-blocks-accordion-item__content\">\n<p>L\u2019\u00e9quipe de Spectral Aviation totalise plus de 30 ans d\u2019exp\u00e9rience dans le domaine de l\u2019aviation commerciale.<\/p>\n<\/div><\/details>\n\n\n\n<details class=\"wp-block-themeisle-blocks-accordion-item\"><summary class=\"wp-block-themeisle-blocks-accordion-item__title\"><div><strong>Quand sont les prochaines formations et o\u00f9 puis-je m\u2019inscrire ?<\/strong><\/div><\/summary><div class=\"wp-block-themeisle-blocks-accordion-item__content\">\n<p>En plus des s\u00e9ances pr\u00e9vues, Spectral Aviation se d\u00e9place en entreprise afin de combler vos besoins en formation. Pour plus de d\u00e9tails, <a href=\"http:\/\/spectralaviation.com\/contact\">contactez-nous<\/a>.<\/p>\n<\/div><\/details>\n<\/div>\n<\/div>\n\n\n\n<div id=\"wp-block-themeisle-blocks-advanced-column-10be9dbd\" class=\"wp-block-themeisle-blocks-advanced-column animated fadeIn has-light-bg\">\n<hr class=\"wp-block-separator has-text-color has-neve-link-color-color has-alpha-channel-opacity has-neve-link-color-background-color has-background\"\/>\n\n\n\n<h3 id=\"wp-block-themeisle-blocks-advanced-heading-dcb009c0\" class=\"wp-block-themeisle-blocks-advanced-heading wp-block-themeisle-blocks-advanced-heading-dcb009c0\">Kim Paquet<\/h3>\n\n\n\n<span id=\"wp-block-themeisle-blocks-advanced-heading-c9309dda\" class=\"wp-block-themeisle-blocks-advanced-heading wp-block-themeisle-blocks-advanced-heading-c9309dda\">Responsable des ressources Humaines<\/span>\n\n\n\n<span id=\"wp-block-themeisle-blocks-advanced-heading-8125decd\" class=\"wp-block-themeisle-blocks-advanced-heading wp-block-themeisle-blocks-advanced-heading-8125decd\"><strong>(418) 933-2638<\/strong><\/span>\n\n\n\n<div class=\"wp-block-buttons is-horizontal is-content-justification-center is-layout-flex wp-container-core-buttons-is-layout-03627597 wp-block-buttons-is-layout-flex\">\n<div class=\"wp-block-button is-style-outline is-style-outline--2\"><a class=\"wp-block-button__link has-primary-color has-text-color wp-element-button\" href=\"https:\/\/spectralaviation.com\/staging\/contact\" style=\"border-radius:0px\">CONTACTEZ-NOUS<\/a><\/div>\n<\/div>\n<\/div>\n<\/div><\/div>\n","protected":false},"excerpt":{"rendered":"<p>Description La formation d\u2019observateur est une formation d\u2019une dur\u00e9e de&nbsp;4&nbsp;heures donn\u00e9e en une journ\u00e9e. Elle peut se donner en classe ou par vid\u00e9oconf\u00e9rence. Au cours de cette derni\u00e8re, les candidats &hellip; <\/p>\n<p class=\"link-more\"><a href=\"https:\/\/spectralaviation.com\/staging\/observateur\" class=\"more-link\">Lire la suite de<span class=\"screen-reader-text\">\u00ab\u00a0Observateur\u00a0\u00bb<\/span><\/a><\/p>\n","protected":false},"author":4,"featured_media":475,"parent":0,"menu_order":0,"comment_status":"closed","ping_status":"closed","template":"","meta":{"_uag_custom_page_level_css":"","_EventAllDay":false,"_EventTimezone":"","_EventStartDate":"","_EventEndDate":"","_EventStartDateUTC":"","_EventEndDateUTC":"","_EventShowMap":false,"_EventShowMapLink":false,"_EventURL":"","_EventCost":"","_EventCostDescription":"","_EventCurrencySymbol":"","_EventCurrencyCode":"","_EventCurrencyPosition":"","_EventDateTimeSeparator":"","_EventTimeRangeSeparator":"","_EventOrganizerID":[],"_EventVenueID":[],"_OrganizerEmail":"","_OrganizerPhone":"","_OrganizerWebsite":"","_VenueAddress":"","_VenueCity":"","_VenueCountry":"","_VenueProvince":"","_VenueState":"","_VenueZip":"","_VenuePhone":"","_VenueURL":"","_VenueStateProvince":"","_VenueLat":"","_VenueLng":"","_VenueShowMap":false,"_VenueShowMapLink":false,"_themeisle_gutenberg_block_has_review":false,"inspiro_hide_title":false,"footnotes":""},"class_list":["post-4299","page","type-page","status-publish","has-post-thumbnail","hentry"],"uagb_featured_image_src":{"full":["https:\/\/spectralaviation.com\/staging\/wp-content\/uploads\/2015\/10\/566461855_c5bfc67b62_b-e1444780386242.jpg",1021,463,false],"thumbnail":["https:\/\/spectralaviation.com\/staging\/wp-content\/uploads\/2015\/10\/566461855_c5bfc67b62_b-e1444780386242-150x150.jpg",150,150,true],"medium":["https:\/\/spectralaviation.com\/staging\/wp-content\/uploads\/2015\/10\/566461855_c5bfc67b62_b-e1444780386242-300x136.jpg",300,136,true],"medium_large":["https:\/\/spectralaviation.com\/staging\/wp-content\/uploads\/2015\/10\/566461855_c5bfc67b62_b-e1444780386242.jpg",768,348,false],"large":["https:\/\/spectralaviation.com\/staging\/wp-content\/uploads\/2015\/10\/566461855_c5bfc67b62_b-1024x682.jpg",950,633,true],"1536x1536":["https:\/\/spectralaviation.com\/staging\/wp-content\/uploads\/2015\/10\/566461855_c5bfc67b62_b-e1444780386242.jpg",1021,463,false],"2048x2048":["https:\/\/spectralaviation.com\/staging\/wp-content\/uploads\/2015\/10\/566461855_c5bfc67b62_b-e1444780386242.jpg",1021,463,false],"inspiro-featured-image":["https:\/\/spectralaviation.com\/staging\/wp-content\/uploads\/2015\/10\/566461855_c5bfc67b62_b-e1444780386242.jpg",1021,463,false],"inspiro-loop":["https:\/\/spectralaviation.com\/staging\/wp-content\/uploads\/2015\/10\/566461855_c5bfc67b62_b-e1444780386242-950x320.jpg",950,320,true],"inspiro-loop@2x":["https:\/\/spectralaviation.com\/staging\/wp-content\/uploads\/2015\/10\/566461855_c5bfc67b62_b-e1444780386242.jpg",1021,463,false]},"uagb_author_info":{"display_name":"Marc-Antoine","author_link":"https:\/\/spectralaviation.com\/staging\/author\/magermain"},"uagb_comment_info":0,"uagb_excerpt":"Description La formation d\u2019observateur est une formation d\u2019une dur\u00e9e de&nbsp;4&nbsp;heures donn\u00e9e en une journ\u00e9e. Elle peut se donner en classe ou par vid\u00e9oconf\u00e9rence. Au cours de cette derni\u00e8re, les candidats &hellip; Lire la suite de\u00ab\u00a0Observateur\u00a0\u00bb","_links":{"self":[{"href":"https:\/\/spectralaviation.com\/staging\/wp-json\/wp\/v2\/pages\/4299","targetHints":{"allow":["GET"]}}],"collection":[{"href":"https:\/\/spectralaviation.com\/staging\/wp-json\/wp\/v2\/pages"}],"about":[{"href":"https:\/\/spectralaviation.com\/staging\/wp-json\/wp\/v2\/types\/page"}],"author":[{"embeddable":true,"href":"https:\/\/spectralaviation.com\/staging\/wp-json\/wp\/v2\/users\/4"}],"replies":[{"embeddable":true,"href":"https:\/\/spectralaviation.com\/staging\/wp-json\/wp\/v2\/comments?post=4299"}],"version-history":[{"count":1,"href":"https:\/\/spectralaviation.com\/staging\/wp-json\/wp\/v2\/pages\/4299\/revisions"}],"predecessor-version":[{"id":4300,"href":"https:\/\/spectralaviation.com\/staging\/wp-json\/wp\/v2\/pages\/4299\/revisions\/4300"}],"wp:featuredmedia":[{"embeddable":true,"href":"https:\/\/spectralaviation.com\/staging\/wp-json\/wp\/v2\/media\/475"}],"wp:attachment":[{"href":"https:\/\/spectralaviation.com\/staging\/wp-json\/wp\/v2\/media?parent=4299"}],"curies":[{"name":"wp","href":"https:\/\/api.w.org\/{rel}","templated":true}]}}