{"id":3734,"date":"2024-11-27T11:00:27","date_gmt":"2024-11-27T16:00:27","guid":{"rendered":"https:\/\/spectralaviation.com\/staging\/?page_id=3734"},"modified":"2024-11-29T13:41:41","modified_gmt":"2024-11-29T18:41:41","slug":"contact","status":"publish","type":"page","link":"https:\/\/spectralaviation.com\/staging\/contact","title":{"rendered":"Contact"},"content":{"rendered":"\n<div class=\"wp-block-uagb-container uagb-block-hhq8yrvt alignfull uagb-is-root-container\"><div class=\"uagb-container-inner-blocks-wrap\">\n<div class=\"wp-block-uagb-container uagb-block-gphsxxx3\">\n<div class=\"wp-block-uagb-info-box uagb-block-vyilylsc uagb-infobox__content-wrap  uagb-infobox-icon-above-title uagb-infobox-image-valign-top\"><div class=\"uagb-ifb-content\"><div class=\"uagb-ifb-title-wrap\"><h2 class=\"uagb-ifb-title\">Contactez-nous<\/h2><\/div><p class=\"uagb-ifb-desc\">Retrouvez nos coordonn\u00e9es et contactez notre \u00e9quipe pour toute assistance ou demande de renseignements.<\/p><\/div><\/div>\n\n\n\n<div class=\"wp-block-uagb-info-box uagb-block-v1w3gtiy uagb-infobox__content-wrap  uagb-infobox-icon-left-title uagb-infobox-left uagb-infobox-image-valign-top\"><div class=\"uagb-ifb-content\"><div class=\"uagb-ifb-left-title-image\"><div class=\"uagb-ifb-icon-wrap\"><svg xmlns=\"https:\/\/www.w3.org\/2000\/svg\" viewBox=\"0 0 384 512\"><path d=\"M168.3 499.2C116.1 435 0 279.4 0 192C0 85.96 85.96 0 192 0C298 0 384 85.96 384 192C384 279.4 267 435 215.7 499.2C203.4 514.5 180.6 514.5 168.3 499.2H168.3zM192 256C227.3 256 256 227.3 256 192C256 156.7 227.3 128 192 128C156.7 128 128 156.7 128 192C128 227.3 156.7 256 192 256z\"><\/path><\/svg><\/div><div class=\"uagb-ifb-title-wrap\"><p class=\"uagb-ifb-title\">6264, Boulevard Wilfrid-Hamel, L&rsquo;Ancienne-Lorette, Qc, G2E 2H8<\/p><\/div><\/div><\/div><\/div>\n\n\n\n<div class=\"wp-block-uagb-info-box uagb-block-hxx9ghfo uagb-infobox__content-wrap  uagb-infobox-icon-left-title uagb-infobox-left uagb-infobox-image-valign-top\"><div class=\"uagb-ifb-content\"><div class=\"uagb-ifb-left-title-image\"><div class=\"uagb-ifb-icon-wrap\"><svg xmlns=\"https:\/\/www.w3.org\/2000\/svg\" viewBox=\"0 0 512 512\"><path d=\"M511.2 387l-23.25 100.8c-3.266 14.25-15.79 24.22-30.46 24.22C205.2 512 0 306.8 0 54.5c0-14.66 9.969-27.2 24.22-30.45l100.8-23.25C139.7-2.602 154.7 5.018 160.8 18.92l46.52 108.5c5.438 12.78 1.77 27.67-8.98 36.45L144.5 207.1c33.98 69.22 90.26 125.5 159.5 159.5l44.08-53.8c8.688-10.78 23.69-14.51 36.47-8.975l108.5 46.51C506.1 357.2 514.6 372.4 511.2 387z\"><\/path><\/svg><\/div><div class=\"uagb-ifb-title-wrap\"><p class=\"uagb-ifb-title\">581-703-0035<\/p><\/div><\/div><\/div><\/div>\n\n\n\n<div class=\"wp-block-uagb-info-box uagb-block-mk18l3lp uagb-infobox__content-wrap  uagb-infobox-icon-left-title uagb-infobox-left uagb-infobox-image-valign-top\"><div class=\"uagb-ifb-content\"><div class=\"uagb-ifb-left-title-image\"><div class=\"uagb-ifb-icon-wrap\"><svg xmlns=\"https:\/\/www.w3.org\/2000\/svg\" viewBox=\"0 0 512 512\"><path d=\"M464 64C490.5 64 512 85.49 512 112C512 127.1 504.9 141.3 492.8 150.4L275.2 313.6C263.8 322.1 248.2 322.1 236.8 313.6L19.2 150.4C7.113 141.3 0 127.1 0 112C0 85.49 21.49 64 48 64H464zM217.6 339.2C240.4 356.3 271.6 356.3 294.4 339.2L512 176V384C512 419.3 483.3 448 448 448H64C28.65 448 0 419.3 0 384V176L217.6 339.2z\"><\/path><\/svg><\/div><div class=\"uagb-ifb-title-wrap\"><p class=\"uagb-ifb-title\">info@spectralaviation.com<\/p><\/div><\/div><\/div><\/div>\n\n\n\t\t\t<div \n\t\t\tclass=\"wp-block-uagb-google-map uagb-google-map__wrap uagb-block-roleruny     \"\n\t\t\tstyle=\"\" >\n\t\t\t\t<embed\n\t\t\t\t\tclass=\"uagb-google-map__iframe\"\n\t\t\t\t\ttitle=\"Carte Google pour \"\n\t\t\t\t\tsrc=\"https:\/\/maps.google.com\/maps?q=Spectral%20Aviation&#038;z=12&#038;hl=en&#038;t=m&#038;output=embed&#038;iwloc=near\"\n\t\t\t\t\twidth=\"640\"\n\t\t\t\t\theight=\"400\"\n\t\t\t\t\tloading=\"lazy\"\n\t\t\t\t><\/embed>\n\t\t\t<\/div>\n\t\t\t<\/div>\n\n\n\n<div class=\"wp-block-group alignwide has-global-padding is-layout-constrained wp-container-core-group-is-layout-be55f020 wp-block-group-is-layout-constrained\">\n<div style=\"height:132px\" aria-hidden=\"true\" class=\"wp-block-spacer\"><\/div>\n\n\n<style id=\"wpforms-css-vars-3819-block-852924d8-2e39-4423-8045-ccc7a2f4c925\">\n\t\t\t\t#wpforms-3819.wpforms-block-852924d8-2e39-4423-8045-ccc7a2f4c925 {\n\t\t\t\t--wpforms-field-size-input-height: 43px;\n--wpforms-field-size-input-spacing: 15px;\n--wpforms-field-size-font-size: 16px;\n--wpforms-field-size-line-height: 19px;\n--wpforms-field-size-padding-h: 14px;\n--wpforms-field-size-checkbox-size: 16px;\n--wpforms-field-size-sublabel-spacing: 5px;\n--wpforms-field-size-icon-size: 1;\n--wpforms-label-size-font-size: 16px;\n--wpforms-label-size-line-height: 19px;\n--wpforms-label-size-sublabel-font-size: 14px;\n--wpforms-label-size-sublabel-line-height: 17px;\n--wpforms-button-size-font-size: 17px;\n--wpforms-button-size-height: 41px;\n--wpforms-button-size-padding-h: 15px;\n--wpforms-button-size-margin-top: 10px;\n\t\t\t}\n\t\t\t<\/style><div class=\"wpforms-container wpforms-container-full wpforms-block wpforms-block-852924d8-2e39-4423-8045-ccc7a2f4c925 wpforms-render-modern\" id=\"wpforms-3819\"><form id=\"wpforms-form-3819\" class=\"wpforms-validate wpforms-form wpforms-ajax-form\" data-formid=\"3819\" method=\"post\" enctype=\"multipart\/form-data\" action=\"\/staging\/wp-json\/wp\/v2\/pages\/3734\" data-token=\"d3bb0da807123d0c5d18743e5fc38da5\" data-token-time=\"1779038283\"><noscript class=\"wpforms-error-noscript\">Veuillez activer JavaScript dans votre navigateur pour remplir ce formulaire.<\/noscript><div id=\"wpforms-error-noscript\" style=\"display: none;\">Veuillez activer JavaScript dans votre navigateur pour remplir ce formulaire.<\/div><div class=\"wpforms-field-container\"><div id=\"wpforms-3819-field_1-container\" class=\"wpforms-field wpforms-field-name\" data-field-id=\"1\"><fieldset><legend class=\"wpforms-field-label\">Nom <span class=\"wpforms-required-label\" aria-hidden=\"true\">*<\/span><\/legend><div class=\"wpforms-field-row wpforms-field-medium\"><div class=\"wpforms-field-row-block wpforms-first wpforms-one-half\"><input type=\"text\" id=\"wpforms-3819-field_1\" class=\"wpforms-field-name-first wpforms-field-required\" name=\"wpforms[fields][1][first]\" aria-errormessage=\"wpforms-3819-field_1-error\" required><label for=\"wpforms-3819-field_1\" class=\"wpforms-field-sublabel after\">Pr\u00e9nom<\/label><\/div><div class=\"wpforms-field-row-block wpforms-one-half\"><input type=\"text\" id=\"wpforms-3819-field_1-last\" class=\"wpforms-field-name-last wpforms-field-required\" name=\"wpforms[fields][1][last]\" aria-errormessage=\"wpforms-3819-field_1-last-error\" required><label for=\"wpforms-3819-field_1-last\" class=\"wpforms-field-sublabel after\">Nom<\/label><\/div><\/div><\/fieldset><\/div><div id=\"wpforms-3819-field_2-container\" class=\"wpforms-field wpforms-field-email\" data-field-id=\"2\"><label class=\"wpforms-field-label\" for=\"wpforms-3819-field_2\">E-mail <span class=\"wpforms-required-label\" aria-hidden=\"true\">*<\/span><\/label><input type=\"email\" id=\"wpforms-3819-field_2\" class=\"wpforms-field-medium wpforms-field-required\" name=\"wpforms[fields][2]\" spellcheck=\"false\" aria-errormessage=\"wpforms-3819-field_2-error\" required><\/div>\t\t<div id=\"wpforms-3819-field_4-container\"\n\t\t\tclass=\"wpforms-field wpforms-field-text\"\n\t\t\tdata-field-type=\"text\"\n\t\t\tdata-field-id=\"4\"\n\t\t\t>\n\t\t\t<label class=\"wpforms-field-label\" for=\"wpforms-3819-field_4\" >E-mail Nom Message<\/label>\n\t\t\t<input type=\"text\" id=\"wpforms-3819-field_4\" class=\"wpforms-field-medium\" name=\"wpforms[fields][4]\" >\n\t\t<\/div>\n\t\t<div id=\"wpforms-3819-field_3-container\" class=\"wpforms-field wpforms-field-textarea\" data-field-id=\"3\"><label class=\"wpforms-field-label\" for=\"wpforms-3819-field_3\">Message<\/label><textarea id=\"wpforms-3819-field_3\" class=\"wpforms-field-medium\" name=\"wpforms[fields][3]\" aria-errormessage=\"wpforms-3819-field_3-error\" ><\/textarea><\/div><script>\n\t\t\t\t( function() {\n\t\t\t\t\tconst style = document.createElement( 'style' );\n\t\t\t\t\tstyle.appendChild( document.createTextNode( '#wpforms-3819-field_4-container { position: absolute !important; overflow: hidden !important; display: inline !important; height: 1px !important; width: 1px !important; z-index: -1000 !important; padding: 0 !important; } #wpforms-3819-field_4-container input { visibility: hidden; } #wpforms-conversational-form-page #wpforms-3819-field_4-container label { counter-increment: none; }' ) );\n\t\t\t\t\tdocument.head.appendChild( style );\n\t\t\t\t\tdocument.currentScript?.remove();\n\t\t\t\t} )();\n\t\t\t<\/script><\/div><!-- .wpforms-field-container --><div class=\"wpforms-submit-container\" ><input type=\"hidden\" name=\"wpforms[id]\" value=\"3819\"><input type=\"hidden\" name=\"page_title\" value=\"\"><input type=\"hidden\" name=\"page_url\" value=\"https:\/\/spectralaviation.com\/staging\/wp-json\/wp\/v2\/pages\/3734\"><input type=\"hidden\" name=\"url_referer\" value=\"\"><button type=\"submit\" name=\"wpforms[submit]\" id=\"wpforms-submit-3819\" class=\"wpforms-submit\" data-alt-text=\"Envoi...\" data-submit-text=\"Soumettre\" aria-live=\"assertive\" value=\"wpforms-submit\">Soumettre<\/button><img loading=\"lazy\" decoding=\"async\" src=\"https:\/\/spectralaviation.com\/staging\/wp-content\/plugins\/wpforms-lite\/assets\/images\/submit-spin.svg\" class=\"wpforms-submit-spinner\" style=\"display: none;\" width=\"26\" height=\"26\" alt=\"Chargement en cours\"><\/div><\/form><\/div>  <!-- .wpforms-container --><\/div>\n<\/div><\/div>\n\n\n\n<div class=\"wp-block-cover alignfull has-parallax is-position-center-center\" style=\"border-radius:0px;margin-bottom:var(--wp--preset--spacing--medium);padding-top:0;padding-bottom:0;min-height:430px;aspect-ratio:unset;\"><span aria-hidden=\"true\" class=\"wp-block-cover__background has-black-background-color has-background-dim-60 has-background-dim\"><\/span><div class=\"wp-block-cover__image-background wp-image-1748 has-parallax\" style=\"background-position:50% 50%;background-image:url(https:\/\/spectralaviation.com\/staging\/wp-content\/uploads\/2017\/05\/aerial-view-1866742_1920.jpg)\"><\/div><div class=\"wp-block-cover__inner-container is-layout-flow wp-block-cover-is-layout-flow\">\n<div class=\"wp-block-group has-global-padding is-layout-constrained wp-block-group-is-layout-constrained\">\n<h3 class=\"wp-block-heading has-text-align-center has-text-color has-medium-font-size\" style=\"color:#fffffa;text-transform:uppercase\">Vous voudriez former avec nous?<\/h3>\n\n\n\n<p class=\"has-text-align-center has-white-color has-text-color\">Vous \u00eates passionn\u00e9(e) et motiv\u00e9(e) par de nouveaux d\u00e9fis ? <br>Nous vous invitons \u00e0 poser votre candidature! Envoyez-nous votre CV et faites-nous savoir pourquoi vous seriez un atout pour notre \u00e9quipe. Nous avons h\u00e2te de d\u00e9couvrir votre profil et d\u2019explorer ensemble de nouvelles opportunit\u00e9s!<\/p>\n\n\n\n<div style=\"height:31px\" aria-hidden=\"true\" class=\"wp-block-spacer\"><\/div>\n\n\n\n<div class=\"wp-block-buttons is-horizontal is-content-justification-center is-layout-flex wp-container-core-buttons-is-layout-03627597 wp-block-buttons-is-layout-flex\">\n<div class=\"wp-block-button is-style-outline is-style-outline--1\"><a class=\"wp-block-button__link has-white-color has-text-color wp-element-button\" href=\"https:\/\/spectralaviation.com\/staging\/contact\" style=\"border-radius:0px\">POSTES DISPONIBLES<\/a><\/div>\n<\/div>\n<\/div>\n<\/div><\/div>\n\n\n\n<div id=\"news\" class=\"wp-block-group has-global-padding is-layout-constrained wp-block-group-is-layout-constrained\">\n<div style=\"height:28px\" aria-hidden=\"true\" class=\"wp-block-spacer\"><\/div>\n\n\n\n<p class=\"has-text-align-left has-text-color\" style=\"color:#42499e\">AUX DERNI\u00c8RES NOUVELLES<\/p>\n\n\n\n<h2 class=\"wp-block-heading has-text-align-left has-primary-color has-text-color has-link-color wp-elements-f8969f5c3853cd9db469e22ff903373e\"><a href=\"https:\/\/spectralaviation.com\/staging\/actualite\">Actualit\u00e9<\/a><\/h2>\n\n\n\n<div style=\"height:6px\" aria-hidden=\"true\" class=\"wp-block-spacer\"><\/div>\n\n\n\n<div class=\"wp-block-query is-layout-flow wp-block-query-is-layout-flow\"><ul class=\"columns-3 wp-block-post-template is-layout-grid wp-container-core-post-template-is-layout-6aac66c0 wp-block-post-template-is-layout-grid\"><li class=\"wp-block-post post-3427 post type-post status-publish format-standard has-post-thumbnail hentry category-nouvelle\">\n<figure style=\"width:100%;height:240px; margin-bottom:var(--wp--preset--spacing--x-small);\" class=\"wp-block-post-featured-image\"><a href=\"https:\/\/spectralaviation.com\/staging\/les-taxis-aeriens-se-taillent-une-place-au-salon-du-bourget\" target=\"_self\"  style=\"height:240px\"><img loading=\"lazy\" decoding=\"async\" width=\"1700\" height=\"1133\" src=\"https:\/\/spectralaviation.com\/staging\/wp-content\/uploads\/2023\/06\/Archer_Midnight_Rear_3quarter.jpg\" class=\"attachment-post-thumbnail size-post-thumbnail wp-post-image\" alt=\"Les taxis a\u00e9riens se taillent une place au Salon du Bourget\" style=\"border-radius:5px;height:240px;object-fit:cover;\" srcset=\"https:\/\/spectralaviation.com\/staging\/wp-content\/uploads\/2023\/06\/Archer_Midnight_Rear_3quarter.jpg 1700w, https:\/\/spectralaviation.com\/staging\/wp-content\/uploads\/2023\/06\/Archer_Midnight_Rear_3quarter-300x200.jpg 300w, https:\/\/spectralaviation.com\/staging\/wp-content\/uploads\/2023\/06\/Archer_Midnight_Rear_3quarter-1024x682.jpg 1024w, https:\/\/spectralaviation.com\/staging\/wp-content\/uploads\/2023\/06\/Archer_Midnight_Rear_3quarter-768x512.jpg 768w, https:\/\/spectralaviation.com\/staging\/wp-content\/uploads\/2023\/06\/Archer_Midnight_Rear_3quarter-1536x1024.jpg 1536w, https:\/\/spectralaviation.com\/staging\/wp-content\/uploads\/2023\/06\/Archer_Midnight_Rear_3quarter-272x182.jpg 272w, https:\/\/spectralaviation.com\/staging\/wp-content\/uploads\/2023\/06\/Archer_Midnight_Rear_3quarter-600x400.jpg 600w, https:\/\/spectralaviation.com\/staging\/wp-content\/uploads\/2023\/06\/Archer_Midnight_Rear_3quarter-1200x800.jpg 1200w, https:\/\/spectralaviation.com\/staging\/wp-content\/uploads\/2023\/06\/Archer_Midnight_Rear_3quarter-720x480.jpg 720w\" sizes=\"auto, 100vw\" \/><\/a><\/figure>\n\n<div style=\"margin-top:0;margin-bottom:0;\" class=\"has-link-color wp-elements-a1817b6b9e4eaefd5826fde68b0a8fdb wp-block-post-date has-text-color has-tertiary-color\"><time datetime=\"2023-06-22T09:06:30-05:00\">22 juin 2023<\/time><\/div>\n\n<h3 style=\"margin-top:0;margin-bottom:var(--wp--preset--spacing--x-small);\" class=\"has-link-color wp-elements-2e75b4e4fab489cf445e03eda13279d1 wp-block-post-title\"><a href=\"https:\/\/spectralaviation.com\/staging\/les-taxis-aeriens-se-taillent-une-place-au-salon-du-bourget\" target=\"_self\" >Les taxis a\u00e9riens se taillent une place au Salon du Bourget<\/a><\/h3>\n\n<div class=\"has-link-color wp-elements-9f87a6a573a49f94dc255a03c52740e1 wp-block-post-excerpt has-text-color has-primary-color\"><p class=\"wp-block-post-excerpt__excerpt\">La 54e \u00e9dition du Salon International de l&rsquo;A\u00e9ronautique et de l&rsquo;Espace, qui a lieu du 19\u2026 <\/p><\/div>\n\n<a style=\"text-transform:uppercase; border-width:2px; padding-right:var(--wp--preset--spacing--x-small);padding-left:var(--wp--preset--spacing--x-small);padding-top:10px;padding-bottom:10px;\" class=\"wp-block-read-more has-text-color has-foreground-color\" href=\"https:\/\/spectralaviation.com\/staging\/les-taxis-aeriens-se-taillent-une-place-au-salon-du-bourget\" target=\"_self\">Lire la suite<span class=\"screen-reader-text\">\u00a0: Les taxis a\u00e9riens se taillent une place au Salon du Bourget<\/span><\/a>\n<\/li><li class=\"wp-block-post post-2675 post type-post status-publish format-standard has-post-thumbnail hentry category-nouvelle\">\n<figure style=\"width:100%;height:240px; margin-bottom:var(--wp--preset--spacing--x-small);\" class=\"wp-block-post-featured-image\"><a href=\"https:\/\/spectralaviation.com\/staging\/une-reglementation-pour-les-drones-hors-portee-visuelle\" target=\"_self\"  style=\"height:240px\"><img loading=\"lazy\" decoding=\"async\" width=\"1920\" height=\"709\" src=\"https:\/\/spectralaviation.com\/staging\/wp-content\/uploads\/2017\/06\/Delair-Tech-banner.jpg\" class=\"attachment-post-thumbnail size-post-thumbnail wp-post-image\" alt=\"Une r\u00e9glementation pour les drones hors visibilit\u00e9 directe\" style=\"border-radius:5px;height:240px;object-fit:cover;\" srcset=\"https:\/\/spectralaviation.com\/staging\/wp-content\/uploads\/2017\/06\/Delair-Tech-banner.jpg 1920w, https:\/\/spectralaviation.com\/staging\/wp-content\/uploads\/2017\/06\/Delair-Tech-banner-300x111.jpg 300w, https:\/\/spectralaviation.com\/staging\/wp-content\/uploads\/2017\/06\/Delair-Tech-banner-768x284.jpg 768w, https:\/\/spectralaviation.com\/staging\/wp-content\/uploads\/2017\/06\/Delair-Tech-banner-1024x378.jpg 1024w, https:\/\/spectralaviation.com\/staging\/wp-content\/uploads\/2017\/06\/Delair-Tech-banner-1536x567.jpg 1536w, https:\/\/spectralaviation.com\/staging\/wp-content\/uploads\/2017\/06\/Delair-Tech-banner-600x222.jpg 600w, https:\/\/spectralaviation.com\/staging\/wp-content\/uploads\/2017\/06\/Delair-Tech-banner-1200x443.jpg 1200w\" sizes=\"auto, 100vw\" \/><\/a><\/figure>\n\n<div style=\"margin-top:0;margin-bottom:0;\" class=\"has-link-color wp-elements-a1817b6b9e4eaefd5826fde68b0a8fdb wp-block-post-date has-text-color has-tertiary-color\"><time datetime=\"2020-09-01T09:19:05-05:00\">1 septembre 2020<\/time><\/div>\n\n<h3 style=\"margin-top:0;margin-bottom:var(--wp--preset--spacing--x-small);\" class=\"has-link-color wp-elements-2e75b4e4fab489cf445e03eda13279d1 wp-block-post-title\"><a href=\"https:\/\/spectralaviation.com\/staging\/une-reglementation-pour-les-drones-hors-portee-visuelle\" target=\"_self\" >Une r\u00e9glementation pour les drones hors visibilit\u00e9 directe<\/a><\/h3>\n\n<div class=\"has-link-color wp-elements-9f87a6a573a49f94dc255a03c52740e1 wp-block-post-excerpt has-text-color has-primary-color\"><p class=\"wp-block-post-excerpt__excerpt\">Dans le but de favoriser la croissance \u00e9conomique r\u00e9sultant de l\u2019augmentation en popularit\u00e9 des syst\u00e8mes d\u2019a\u00e9ronefs\u2026 <\/p><\/div>\n\n<a style=\"text-transform:uppercase; border-width:2px; padding-right:var(--wp--preset--spacing--x-small);padding-left:var(--wp--preset--spacing--x-small);padding-top:10px;padding-bottom:10px;\" class=\"wp-block-read-more has-text-color has-foreground-color\" href=\"https:\/\/spectralaviation.com\/staging\/une-reglementation-pour-les-drones-hors-portee-visuelle\" target=\"_self\">Lire la suite<span class=\"screen-reader-text\">\u00a0: Une r\u00e9glementation pour les drones hors visibilit\u00e9 directe<\/span><\/a>\n<\/li><li class=\"wp-block-post post-2769 post type-post status-publish format-standard has-post-thumbnail hentry category-nouvelle\">\n<figure style=\"width:100%;height:240px; margin-bottom:var(--wp--preset--spacing--x-small);\" class=\"wp-block-post-featured-image\"><a href=\"https:\/\/spectralaviation.com\/staging\/la-livraison-par-drone-prend-son-envol-aux-etats-unis\" target=\"_self\"  style=\"height:240px\"><img loading=\"lazy\" decoding=\"async\" width=\"1200\" height=\"667\" src=\"https:\/\/spectralaviation.com\/staging\/wp-content\/uploads\/2020\/09\/amazon-drone_1.jpg\" class=\"attachment-post-thumbnail size-post-thumbnail wp-post-image\" alt=\"La livraison par drone prend son envol aux \u00c9tats-Unis\" style=\"border-radius:5px;height:240px;object-fit:cover;\" srcset=\"https:\/\/spectralaviation.com\/staging\/wp-content\/uploads\/2020\/09\/amazon-drone_1.jpg 1200w, https:\/\/spectralaviation.com\/staging\/wp-content\/uploads\/2020\/09\/amazon-drone_1-300x167.jpg 300w, https:\/\/spectralaviation.com\/staging\/wp-content\/uploads\/2020\/09\/amazon-drone_1-1024x569.jpg 1024w, https:\/\/spectralaviation.com\/staging\/wp-content\/uploads\/2020\/09\/amazon-drone_1-768x427.jpg 768w, https:\/\/spectralaviation.com\/staging\/wp-content\/uploads\/2020\/09\/amazon-drone_1-600x334.jpg 600w\" sizes=\"auto, 100vw\" \/><\/a><\/figure>\n\n<div style=\"margin-top:0;margin-bottom:0;\" class=\"has-link-color wp-elements-a1817b6b9e4eaefd5826fde68b0a8fdb wp-block-post-date has-text-color has-tertiary-color\"><time datetime=\"2020-09-01T09:04:24-05:00\">1 septembre 2020<\/time><\/div>\n\n<h3 style=\"margin-top:0;margin-bottom:var(--wp--preset--spacing--x-small);\" class=\"has-link-color wp-elements-2e75b4e4fab489cf445e03eda13279d1 wp-block-post-title\"><a href=\"https:\/\/spectralaviation.com\/staging\/la-livraison-par-drone-prend-son-envol-aux-etats-unis\" target=\"_self\" >La livraison par drone prend son envol aux \u00c9tats-Unis<\/a><\/h3>\n\n<div class=\"has-link-color wp-elements-9f87a6a573a49f94dc255a03c52740e1 wp-block-post-excerpt has-text-color has-primary-color\"><p class=\"wp-block-post-excerpt__excerpt\">Le lundi 31 ao\u00fbt 2020, le g\u00e9ant du commerce en ligne Amazon vient de recevoir le\u2026 <\/p><\/div>\n\n<a style=\"text-transform:uppercase; border-width:2px; padding-right:var(--wp--preset--spacing--x-small);padding-left:var(--wp--preset--spacing--x-small);padding-top:10px;padding-bottom:10px;\" class=\"wp-block-read-more has-text-color has-foreground-color\" href=\"https:\/\/spectralaviation.com\/staging\/la-livraison-par-drone-prend-son-envol-aux-etats-unis\" target=\"_self\">Lire la suite<span class=\"screen-reader-text\">\u00a0: La livraison par drone prend son envol aux \u00c9tats-Unis<\/span><\/a>\n<\/li><\/ul><\/div>\n<\/div>\n","protected":false},"excerpt":{"rendered":"<p>AUX DERNI\u00c8RES NOUVELLES Actualit\u00e9<\/p>\n","protected":false},"author":4,"featured_media":3431,"parent":0,"menu_order":0,"comment_status":"closed","ping_status":"closed","template":"","meta":{"_uag_custom_page_level_css":"","_EventAllDay":false,"_EventTimezone":"","_EventStartDate":"","_EventEndDate":"","_EventStartDateUTC":"","_EventEndDateUTC":"","_EventShowMap":false,"_EventShowMapLink":false,"_EventURL":"","_EventCost":"","_EventCostDescription":"","_EventCurrencySymbol":"","_EventCurrencyCode":"","_EventCurrencyPosition":"","_EventDateTimeSeparator":"","_EventTimeRangeSeparator":"","_EventOrganizerID":[],"_EventVenueID":[],"_OrganizerEmail":"","_OrganizerPhone":"","_OrganizerWebsite":"","_VenueAddress":"","_VenueCity":"","_VenueCountry":"","_VenueProvince":"","_VenueState":"","_VenueZip":"","_VenuePhone":"","_VenueURL":"","_VenueStateProvince":"","_VenueLat":"","_VenueLng":"","_VenueShowMap":false,"_VenueShowMapLink":false,"_themeisle_gutenberg_block_has_review":false,"inspiro_hide_title":false,"footnotes":""},"class_list":["post-3734","page","type-page","status-publish","has-post-thumbnail","hentry"],"uagb_featured_image_src":{"full":["https:\/\/spectralaviation.com\/staging\/wp-content\/uploads\/2023\/06\/Archer_Midnight_Rear_3quarter.jpg",1700,1133,false],"thumbnail":["https:\/\/spectralaviation.com\/staging\/wp-content\/uploads\/2023\/06\/Archer_Midnight_Rear_3quarter-150x150.jpg",150,150,true],"medium":["https:\/\/spectralaviation.com\/staging\/wp-content\/uploads\/2023\/06\/Archer_Midnight_Rear_3quarter-300x200.jpg",300,200,true],"medium_large":["https:\/\/spectralaviation.com\/staging\/wp-content\/uploads\/2023\/06\/Archer_Midnight_Rear_3quarter-768x512.jpg",768,512,true],"large":["https:\/\/spectralaviation.com\/staging\/wp-content\/uploads\/2023\/06\/Archer_Midnight_Rear_3quarter-1024x682.jpg",950,633,true],"1536x1536":["https:\/\/spectralaviation.com\/staging\/wp-content\/uploads\/2023\/06\/Archer_Midnight_Rear_3quarter-1536x1024.jpg",1536,1024,true],"2048x2048":["https:\/\/spectralaviation.com\/staging\/wp-content\/uploads\/2023\/06\/Archer_Midnight_Rear_3quarter.jpg",1700,1133,false],"inspiro-featured-image":["https:\/\/spectralaviation.com\/staging\/wp-content\/uploads\/2023\/06\/Archer_Midnight_Rear_3quarter.jpg",1700,1133,false],"inspiro-loop":["https:\/\/spectralaviation.com\/staging\/wp-content\/uploads\/2023\/06\/Archer_Midnight_Rear_3quarter-950x320.jpg",950,320,true],"inspiro-loop@2x":["https:\/\/spectralaviation.com\/staging\/wp-content\/uploads\/2023\/06\/Archer_Midnight_Rear_3quarter-1700x640.jpg",1700,640,true]},"uagb_author_info":{"display_name":"Marc-Antoine","author_link":"https:\/\/spectralaviation.com\/staging\/author\/magermain"},"uagb_comment_info":0,"uagb_excerpt":"AUX DERNI\u00c8RES NOUVELLES Actualit\u00e9","_links":{"self":[{"href":"https:\/\/spectralaviation.com\/staging\/wp-json\/wp\/v2\/pages\/3734","targetHints":{"allow":["GET"]}}],"collection":[{"href":"https:\/\/spectralaviation.com\/staging\/wp-json\/wp\/v2\/pages"}],"about":[{"href":"https:\/\/spectralaviation.com\/staging\/wp-json\/wp\/v2\/types\/page"}],"author":[{"embeddable":true,"href":"https:\/\/spectralaviation.com\/staging\/wp-json\/wp\/v2\/users\/4"}],"replies":[{"embeddable":true,"href":"https:\/\/spectralaviation.com\/staging\/wp-json\/wp\/v2\/comments?post=3734"}],"version-history":[{"count":8,"href":"https:\/\/spectralaviation.com\/staging\/wp-json\/wp\/v2\/pages\/3734\/revisions"}],"predecessor-version":[{"id":3867,"href":"https:\/\/spectralaviation.com\/staging\/wp-json\/wp\/v2\/pages\/3734\/revisions\/3867"}],"wp:featuredmedia":[{"embeddable":true,"href":"https:\/\/spectralaviation.com\/staging\/wp-json\/wp\/v2\/media\/3431"}],"wp:attachment":[{"href":"https:\/\/spectralaviation.com\/staging\/wp-json\/wp\/v2\/media?parent=3734"}],"curies":[{"name":"wp","href":"https:\/\/api.w.org\/{rel}","templated":true}]}}