{"id":1585,"date":"2017-03-16T14:50:49","date_gmt":"2017-03-16T19:50:49","guid":{"rendered":"https:\/\/spectralaviation.com\/staging\/?page_id=1585"},"modified":"2024-11-28T14:08:08","modified_gmt":"2024-11-28T19:08:08","slug":"reglementation-de-transports-canada-faire-voler-drone","status":"publish","type":"page","link":"https:\/\/spectralaviation.com\/staging\/reglementation-de-transports-canada-faire-voler-drone","title":{"rendered":"R\u00e9glementation de Transports Canada"},"content":{"rendered":"<div id=\"pl-1585\" class=\"panel-layout\">\n<div id=\"pg-1585-0\" class=\"panel-grid panel-no-style\">\n<div id=\"pgc-1585-0-0\" class=\"panel-grid-cell\" data-weight=\"1\">\n<div id=\"panel-1585-0-0-0\" class=\"so-panel widget widget_black-studio-tinymce widget_black_studio_tinymce panel-first-child\" data-index=\"0\" data-style=\"{&quot;background_image_attachment&quot;:false,&quot;background_display&quot;:&quot;tile&quot;}\">\n<h3 class=\"widget-title\">R\u00e8glement pour piloter un drone au Canada<\/h3>\n<div class=\"textwidget\">La r\u00e9glementation canadienne est tr\u00e8s claire, un drone, aussi appell\u00e9 SATP, UAV ou UAS, utilis\u00e9 \u00e0 toute fin, incluant le loisir, est un a\u00e9ronef et est, de ce fait, soumis au R\u00e8glement de l&rsquo;aviation canadien. Vous trouverez ci-bas les d\u00e9tails concernant la r\u00e9glementation de Transports Canada, ainsi que les normes de formation et les exemptions pour l&rsquo;op\u00e9ration d&rsquo;un drone au Canada.<\/div>\n<\/div>\n<\/div>\n<\/div>\n<\/div>\n\n\n<div data-wp-interactive=\"core\/file\" class=\"wp-block-file\"><object data-wp-bind--hidden=\"!state.hasPdfPreview\" hidden class=\"wp-block-file__embed\" data=\"https:\/\/spectralaviation.com\/staging\/wp-content\/uploads\/2024\/11\/tp_15263.pdf\" type=\"application\/pdf\" style=\"width:100%;height:1100px\" aria-label=\"Contenu embarqu\u00e9 tp_15263.\"><\/object><a id=\"wp-block-file--media-2e5abad2-741b-4c12-8993-4f213937fe92\" href=\"https:\/\/spectralaviation.com\/staging\/wp-content\/uploads\/2024\/11\/tp_15263.pdf\">tp_15263<\/a><a href=\"https:\/\/spectralaviation.com\/staging\/wp-content\/uploads\/2024\/11\/tp_15263.pdf\" class=\"wp-block-file__button wp-element-button\" download aria-describedby=\"wp-block-file--media-2e5abad2-741b-4c12-8993-4f213937fe92\">Download<\/a><\/div>\n","protected":false},"excerpt":{"rendered":"<p>R\u00e8glement pour piloter un drone au Canada La r\u00e9glementation canadienne est tr\u00e8s claire, un drone, aussi appell\u00e9 SATP, UAV ou UAS, utilis\u00e9 \u00e0 toute fin, incluant le loisir, est un &hellip; <\/p>\n<p class=\"link-more\"><a href=\"https:\/\/spectralaviation.com\/staging\/reglementation-de-transports-canada-faire-voler-drone\" class=\"more-link\">Lire la suite de<span class=\"screen-reader-text\">\u00ab\u00a0R\u00e9glementation de Transports Canada\u00a0\u00bb<\/span><\/a><\/p>\n","protected":false},"author":3,"featured_media":597,"parent":0,"menu_order":0,"comment_status":"closed","ping_status":"closed","template":"","meta":{"_uag_custom_page_level_css":"","_EventAllDay":false,"_EventTimezone":"","_EventStartDate":"","_EventEndDate":"","_EventStartDateUTC":"","_EventEndDateUTC":"","_EventShowMap":false,"_EventShowMapLink":false,"_EventURL":"","_EventCost":"","_EventCostDescription":"","_EventCurrencySymbol":"","_EventCurrencyCode":"","_EventCurrencyPosition":"","_EventDateTimeSeparator":"","_EventTimeRangeSeparator":"","_EventOrganizerID":[],"_EventVenueID":[],"_OrganizerEmail":"","_OrganizerPhone":"","_OrganizerWebsite":"","_VenueAddress":"","_VenueCity":"","_VenueCountry":"","_VenueProvince":"","_VenueState":"","_VenueZip":"","_VenuePhone":"","_VenueURL":"","_VenueStateProvince":"","_VenueLat":"","_VenueLng":"","_VenueShowMap":false,"_VenueShowMapLink":false,"_themeisle_gutenberg_block_has_review":false,"inspiro_hide_title":false,"footnotes":""},"class_list":["post-1585","page","type-page","status-publish","has-post-thumbnail","hentry"],"uagb_featured_image_src":{"full":["https:\/\/spectralaviation.com\/staging\/wp-content\/uploads\/2015\/11\/lancaster.png",891,557,false],"thumbnail":["https:\/\/spectralaviation.com\/staging\/wp-content\/uploads\/2015\/11\/lancaster-150x150.png",150,150,true],"medium":["https:\/\/spectralaviation.com\/staging\/wp-content\/uploads\/2015\/11\/lancaster-300x188.png",300,188,true],"medium_large":["https:\/\/spectralaviation.com\/staging\/wp-content\/uploads\/2015\/11\/lancaster.png",768,480,false],"large":["https:\/\/spectralaviation.com\/staging\/wp-content\/uploads\/2015\/11\/lancaster.png",891,557,false],"1536x1536":["https:\/\/spectralaviation.com\/staging\/wp-content\/uploads\/2015\/11\/lancaster.png",891,557,false],"2048x2048":["https:\/\/spectralaviation.com\/staging\/wp-content\/uploads\/2015\/11\/lancaster.png",891,557,false],"inspiro-featured-image":["https:\/\/spectralaviation.com\/staging\/wp-content\/uploads\/2015\/11\/lancaster.png",891,557,false],"inspiro-loop":["https:\/\/spectralaviation.com\/staging\/wp-content\/uploads\/2015\/11\/lancaster-891x320.png",891,320,true],"inspiro-loop@2x":["https:\/\/spectralaviation.com\/staging\/wp-content\/uploads\/2015\/11\/lancaster.png",891,557,false]},"uagb_author_info":{"display_name":"etienne","author_link":"https:\/\/spectralaviation.com\/staging\/author\/etienne"},"uagb_comment_info":0,"uagb_excerpt":"R\u00e8glement pour piloter un drone au Canada La r\u00e9glementation canadienne est tr\u00e8s claire, un drone, aussi appell\u00e9 SATP, UAV ou UAS, utilis\u00e9 \u00e0 toute fin, incluant le loisir, est un &hellip; Lire la suite de\u00ab\u00a0R\u00e9glementation de Transports Canada\u00a0\u00bb","_links":{"self":[{"href":"https:\/\/spectralaviation.com\/staging\/wp-json\/wp\/v2\/pages\/1585","targetHints":{"allow":["GET"]}}],"collection":[{"href":"https:\/\/spectralaviation.com\/staging\/wp-json\/wp\/v2\/pages"}],"about":[{"href":"https:\/\/spectralaviation.com\/staging\/wp-json\/wp\/v2\/types\/page"}],"author":[{"embeddable":true,"href":"https:\/\/spectralaviation.com\/staging\/wp-json\/wp\/v2\/users\/3"}],"replies":[{"embeddable":true,"href":"https:\/\/spectralaviation.com\/staging\/wp-json\/wp\/v2\/comments?post=1585"}],"version-history":[{"count":11,"href":"https:\/\/spectralaviation.com\/staging\/wp-json\/wp\/v2\/pages\/1585\/revisions"}],"predecessor-version":[{"id":3845,"href":"https:\/\/spectralaviation.com\/staging\/wp-json\/wp\/v2\/pages\/1585\/revisions\/3845"}],"wp:featuredmedia":[{"embeddable":true,"href":"https:\/\/spectralaviation.com\/staging\/wp-json\/wp\/v2\/media\/597"}],"wp:attachment":[{"href":"https:\/\/spectralaviation.com\/staging\/wp-json\/wp\/v2\/media?parent=1585"}],"curies":[{"name":"wp","href":"https:\/\/api.w.org\/{rel}","templated":true}]}}